{"id":53,"date":"2016-02-07T10:05:39","date_gmt":"2016-02-07T10:05:39","guid":{"rendered":"https:\/\/the7.io\/marketing-agency\/?page_id=53"},"modified":"2023-08-22T12:01:54","modified_gmt":"2023-08-22T12:01:54","slug":"contact-us","status":"publish","type":"page","link":"https:\/\/www.cmmengineering.com\/en\/contact-us\/","title":{"rendered":"Contact Us"},"content":{"rendered":"<section class=\"wpb-content-wrapper\"><p>[vc_row equal_height=&#8221;yes&#8221; content_placement=&#8221;top&#8221; type=&#8221;vc_default&#8221; margin_top=&#8221;5&#8243; margin_bottom=&#8221;10&#8243; css=&#8221;.vc_custom_1529513148816{padding-top: 70px !important;padding-bottom: 30px !important;}&#8221;][vc_column offset=&#8221;vc_col-lg-offset-2 vc_col-lg-8 vc_col-md-offset-1 vc_col-md-10&#8243;]<div id=\"ultimate-heading-530069d636e5078b4\" class=\"uvc-heading ult-adjust-bottom-margin ultimate-heading-530069d636e5078b4 uvc-5040 \" data-hspacer=\"no_spacer\"  data-halign=\"center\" style=\"text-align:center\"><div class=\"uvc-heading-spacer no_spacer\" style=\"top\"><\/div><div class=\"uvc-main-heading ult-responsive\"  data-ultimate-target='.uvc-heading.ultimate-heading-530069d636e5078b4 h2'  data-responsive-json-new='{\"font-size\":\"desktop:44px;tablet_portrait:30px;\",\"line-height\":\"desktop:54px;tablet_portrait:40px;\"}' ><h2 style=\"font-weight:bold;margin-bottom:30px;\">Contact with us!<\/h2><\/div><\/div>[\/vc_column][vc_column][vc_row_inner equal_height=&#8221;yes&#8221; content_placement=&#8221;top&#8221;][vc_column_inner width=&#8221;1\/2&#8243; css=&#8221;.vc_custom_1491746397816{padding-bottom: 50px !important;}&#8221;][vc_gmaps link=&#8221;#E-8_JTNDaWZyYW1lJTIwc3JjJTNEJTIyaHR0cHMlM0ElMkYlMkZ3d3cuZ29vZ2xlLmNvbSUyRm1hcHMlMkZlbWJlZCUzRnBiJTNEJTIxMW0xOCUyMTFtMTIlMjExbTMlMjExZDMwMTEuODU0MDYxNjI0MTY0JTIxMmQyOS4yNjkxMDA1NzYyNTk2OCUyMTNkNDAuOTg0Njc2MzcxMzUzNzQlMjEybTMlMjExZjAlMjEyZjAlMjEzZjAlMjEzbTIlMjExaTEwMjQlMjEyaTc2OCUyMTRmMTMuMSUyMTNtMyUyMTFtMiUyMTFzMHgxNGNhZDExMWU0MTE3N2UzJTI1M0EweGJmZTlkZjNmNzYxMDA3ZTMlMjEyelEwMU5JRTNEdkdobGJtUnBjMnhwYXlERXNNT25JSFpsSUVURXNjV2ZJRlJwWXk1TWRHUXV4WjUwYVM0JTIxNWUwJTIxM20yJTIxMXN0ciUyMTJzdHIlMjE0djE2OTI2Mjk4NDA5NTElMjE1bTIlMjExc3RyJTIxMnN0ciUyMiUyMHdpZHRoJTNEJTIyODAwJTIyJTIwaGVpZ2h0JTNEJTIyNjAwJTIyJTIwc3R5bGUlM0QlMjJib3JkZXIlM0EwJTNCJTIyJTIwYWxsb3dmdWxsc2NyZWVuJTNEJTIyJTIyJTIwbG9hZGluZyUzRCUyMmxhenklMjIlMjByZWZlcnJlcnBvbGljeSUzRCUyMm5vLXJlZmVycmVyLXdoZW4tZG93bmdyYWRlJTIyJTNFJTNDJTJGaWZyYW1lJTNF&#8221;][\/vc_column_inner][vc_column_inner width=&#8221;1\/2&#8243; css=&#8221;.vc_custom_1491746388981{padding-bottom: 50px !important;}&#8221;]<form class=\"dt-contact-form dt-form privacy-form\" method=\"post\"><input type=\"hidden\" name=\"widget_id\" value=\"presscore-contact-form-widget--1\" \/><input type=\"hidden\" name=\"send_message\" value=\"\" \/><input type=\"hidden\" name=\"security_token\" value=\"5be394593b3091e23002\"\/><div class=\"form-fields\"><span class=\"form-name\"><label class=\"assistive-text\">Name *<\/label><input type=\"text\" class=\"validate[required]\" placeholder=\"Name *\" name=\"name\" value=\"\" aria-required=\"true\">\n<\/span><span class=\"form-mail\"><label class=\"assistive-text\">E-mail *<\/label><input type=\"text\" class=\"validate[required,custom[email]]\" placeholder=\"E-mail *\" name=\"email\" value=\"\" aria-required=\"true\">\n<\/span><span class=\"form-telephone\"><label class=\"assistive-text\">Telephone<\/label><input type=\"text\" placeholder=\"Telephone\" name=\"telephone\" value=\"\" aria-required=\"false\">\n<\/span><span class=\"form-country\"><label class=\"assistive-text\">Country<\/label><input type=\"text\" placeholder=\"Country\" name=\"country\" value=\"\" aria-required=\"false\">\n<\/span><\/div><span class=\"form-message\"><label class=\"assistive-text\">Message *<\/label><textarea class=\"validate[required]\" placeholder=\"Message *\" name=\"message\" rows=\"9\" aria-required=\"true\"><\/textarea>\n<\/span><p class=\"the7-form-terms-wrap\"><input type=\"checkbox\" id=\"the7-form-terms-b62d343d76d2ab4e2d65e547b0f4c75c\" name=\"terms\" class=\"validate[required] the7-form-terms\" aria-required=\"true\" \/>&nbsp;<label for=\"the7-form-terms-b62d343d76d2ab4e2d65e547b0f4c75c\"><span class=\"form-terms-text\">By using this form, you agree that your data will be stored and processed by this website.\n\n\n<\/span><\/label><\/p><p><a href=\"#\" class=\"dt-btn dt-btn-m dt-btn-submit\" rel=\"nofollow\"><span>Mesaj G\u00f6nder<\/span><\/a><input class=\"assistive-text\" type=\"submit\" value=\"submit\"><\/p><\/form>\n[\/vc_column_inner][\/vc_row_inner][vc_column_text css=&#8221;.vc_custom_1678389362022{padding-bottom: 20px !important;}&#8221;]<\/p>\n<p style=\"text-align: center;\"><span style=\"color: #333333;\"><strong>CMM M\u00dcHEND\u0130SL\u0130K \u0130\u00c7 VE DI\u015e T\u0130CARET L\u0130M\u0130TED \u015e\u0130RKET\u0130<\/strong><\/span><br \/>\nBattalgazi Mahallesi End\u00fcl\u00fcs Sokak Sultan Sanayi Sitesi D Blok No:24D1\/51 34935 \u00a0Sultanbeyli\/\u0130stanbul<\/p>\n<p style=\"text-align: center;\">Sultanbeyli V.D. &#8211; 2111405748<\/p>\n<p>[\/vc_column_text][vc_column_text]<\/p>\n<p style=\"text-align: center;\"><span style=\"color: #333333;\"><strong>INFORMATION E-MAIL<\/strong><\/span><br \/>\ninfo@cmmengineering.com<\/p>\n<p style=\"text-align: center;\"><span style=\"color: #333333;\"><strong>SUPPORT TEAM E-MAIL<\/strong><\/span><\/p>\n<p style=\"text-align: center;\">support@cmmengineering.com<\/p>\n<p>[\/vc_column_text][vc_column_text css=&#8221;.vc_custom_1692704904966{padding-bottom: 20px !important;}&#8221;]<\/p>\n<p style=\"text-align: center;\"><span style=\"color: #333333;\"><strong>PHONE<\/strong><\/span><br \/>\n\u202d+90 (216) 592 29 88\u202c<\/p>\n<p>[\/vc_column_text][\/vc_column][\/vc_row][vc_row][vc_column][\/vc_column][\/vc_row]<\/p>\n<\/section>","protected":false},"excerpt":{"rendered":"<p>[vc_row equal_height=&#8221;yes&#8221; content_placement=&#8221;top&#8221; type=&#8221;vc_default&#8221; margin_top=&#8221;5&#8243; margin_bottom=&#8221;10&#8243; css=&#8221;.vc_custom_1529513148816{padding-top: 70px !important;padding-bottom: 30px !important;}&#8221;][vc_column offset=&#8221;vc_col-lg-offset-2 vc_col-lg-8 vc_col-md-offset-1 vc_col-md-10&#8243;][\/vc_column][vc_column][vc_row_inner equal_height=&#8221;yes&#8221; content_placement=&#8221;top&#8221;][vc_column_inner width=&#8221;1\/2&#8243; css=&#8221;.vc_custom_1491746397816{padding-bottom: 50px !important;}&#8221;][vc_gmaps link=&#8221;#E-8_JTNDaWZyYW1lJTIwc3JjJTNEJTIyaHR0cHMlM0ElMkYlMkZ3d3cuZ29vZ2xlLmNvbSUyRm1hcHMlMkZlbWJlZCUzRnBiJTNEJTIxMW0xOCUyMTFtMTIlMjExbTMlMjExZDMwMTEuODU0MDYxNjI0MTY0JTIxMmQyOS4yNjkxMDA1NzYyNTk2OCUyMTNkNDAuOTg0Njc2MzcxMzUzNzQlMjEybTMlMjExZjAlMjEyZjAlMjEzZjAlMjEzbTIlMjExaTEwMjQlMjEyaTc2OCUyMTRmMTMuMSUyMTNtMyUyMTFtMiUyMTFzMHgxNGNhZDExMWU0MTE3N2UzJTI1M0EweGJmZTlkZjNmNzYxMDA3ZTMlMjEyelEwMU5JRTNEdkdobGJtUnBjMnhwYXlERXNNT25JSFpsSUVURXNjV2ZJRlJwWXk1TWRHUXV4WjUwYVM0JTIxNWUwJTIxM20yJTIxMXN0ciUyMTJzdHIlMjE0djE2OTI2Mjk4NDA5NTElMjE1bTIlMjExc3RyJTIxMnN0ciUyMiUyMHdpZHRoJTNEJTIyODAwJTIyJTIwaGVpZ2h0JTNEJTIyNjAwJTIyJTIwc3R5bGUlM0QlMjJib3JkZXIlM0EwJTNCJTIyJTIwYWxsb3dmdWxsc2NyZWVuJTNEJTIyJTIyJTIwbG9hZGluZyUzRCUyMmxhenklMjIlMjByZWZlcnJlcnBvbGljeSUzRCUyMm5vLXJlZmVycmVyLXdoZW4tZG93bmdyYWRlJTIyJTNFJTNDJTJGaWZyYW1lJTNF&#8221;][\/vc_column_inner][vc_column_inner width=&#8221;1\/2&#8243; css=&#8221;.vc_custom_1491746388981{padding-bottom: 50px !important;}&#8221;][\/vc_column_inner][\/vc_row_inner][vc_column_text css=&#8221;.vc_custom_1678389362022{padding-bottom: 20px !important;}&#8221;] CMM M\u00dcHEND\u0130SL\u0130K \u0130\u00c7 VE DI\u015e T\u0130CARET L\u0130M\u0130TED \u015e\u0130RKET\u0130 Battalgazi Mahallesi End\u00fcl\u00fcs Sokak Sultan Sanayi Sitesi D Blok No:24D1\/51 34935 \u00a0Sultanbeyli\/\u0130stanbul Sultanbeyli V.D. &#8211; 2111405748 [\/vc_column_text][vc_column_text] INFORMATION&hellip;<\/p>\n","protected":false},"author":1,"featured_media":0,"parent":0,"menu_order":50,"comment_status":"closed","ping_status":"closed","template":"","meta":{"om_disable_all_campaigns":false,"_mi_skip_tracking":false,"_monsterinsights_sitenote_active":false,"_monsterinsights_sitenote_note":"","_monsterinsights_sitenote_category":0,"footnotes":""},"class_list":["post-53","page","type-page","status-publish","hentry","description-off"],"yoast_head":"<!-- This site is optimized with the Yoast SEO Premium plugin v20.13 (Yoast SEO v21.4) - https:\/\/yoast.com\/wordpress\/plugins\/seo\/ -->\n<title>Contact Us - CMM Engineering Ltd.<\/title>\n<meta name=\"robots\" content=\"index, follow, max-snippet:-1, max-image-preview:large, max-video-preview:-1\" \/>\n<link rel=\"canonical\" href=\"https:\/\/www.cmmengineering.com\/en\/contact-us\/\" \/>\n<meta property=\"og:locale\" content=\"en_US\" \/>\n<meta property=\"og:type\" content=\"article\" \/>\n<meta property=\"og:title\" content=\"Contact Us\" \/>\n<meta property=\"og:description\" content=\"[vc_row equal_height=&#8221;yes&#8221; content_placement=&#8221;top&#8221; type=&#8221;vc_default&#8221; margin_top=&#8221;5&#8243; margin_bottom=&#8221;10&#8243; css=&#8221;.vc_custom_1529513148816{padding-top: 70px !important;padding-bottom: 30px !important;}&#8221;][vc_column offset=&#8221;vc_col-lg-offset-2 vc_col-lg-8 vc_col-md-offset-1 vc_col-md-10&#8243;][\/vc_column][vc_column][vc_row_inner equal_height=&#8221;yes&#8221; content_placement=&#8221;top&#8221;][vc_column_inner width=&#8221;1\/2&#8243; css=&#8221;.vc_custom_1491746397816{padding-bottom: 50px !important;}&#8221;][vc_gmaps link=&#8221;#E-8_JTNDaWZyYW1lJTIwc3JjJTNEJTIyaHR0cHMlM0ElMkYlMkZ3d3cuZ29vZ2xlLmNvbSUyRm1hcHMlMkZlbWJlZCUzRnBiJTNEJTIxMW0xOCUyMTFtMTIlMjExbTMlMjExZDMwMTEuODU0MDYxNjI0MTY0JTIxMmQyOS4yNjkxMDA1NzYyNTk2OCUyMTNkNDAuOTg0Njc2MzcxMzUzNzQlMjEybTMlMjExZjAlMjEyZjAlMjEzZjAlMjEzbTIlMjExaTEwMjQlMjEyaTc2OCUyMTRmMTMuMSUyMTNtMyUyMTFtMiUyMTFzMHgxNGNhZDExMWU0MTE3N2UzJTI1M0EweGJmZTlkZjNmNzYxMDA3ZTMlMjEyelEwMU5JRTNEdkdobGJtUnBjMnhwYXlERXNNT25JSFpsSUVURXNjV2ZJRlJwWXk1TWRHUXV4WjUwYVM0JTIxNWUwJTIxM20yJTIxMXN0ciUyMTJzdHIlMjE0djE2OTI2Mjk4NDA5NTElMjE1bTIlMjExc3RyJTIxMnN0ciUyMiUyMHdpZHRoJTNEJTIyODAwJTIyJTIwaGVpZ2h0JTNEJTIyNjAwJTIyJTIwc3R5bGUlM0QlMjJib3JkZXIlM0EwJTNCJTIyJTIwYWxsb3dmdWxsc2NyZWVuJTNEJTIyJTIyJTIwbG9hZGluZyUzRCUyMmxhenklMjIlMjByZWZlcnJlcnBvbGljeSUzRCUyMm5vLXJlZmVycmVyLXdoZW4tZG93bmdyYWRlJTIyJTNFJTNDJTJGaWZyYW1lJTNF&#8221;][\/vc_column_inner][vc_column_inner width=&#8221;1\/2&#8243; css=&#8221;.vc_custom_1491746388981{padding-bottom: 50px !important;}&#8221;][\/vc_column_inner][\/vc_row_inner][vc_column_text css=&#8221;.vc_custom_1678389362022{padding-bottom: 20px !important;}&#8221;] CMM M\u00dcHEND\u0130SL\u0130K \u0130\u00c7 VE DI\u015e T\u0130CARET L\u0130M\u0130TED \u015e\u0130RKET\u0130 Battalgazi Mahallesi End\u00fcl\u00fcs Sokak Sultan Sanayi Sitesi D Blok No:24D1\/51 34935 \u00a0Sultanbeyli\/\u0130stanbul Sultanbeyli V.D. &#8211; 2111405748 [\/vc_column_text][vc_column_text] INFORMATION&hellip;\" \/>\n<meta property=\"og:url\" content=\"https:\/\/www.cmmengineering.com\/en\/contact-us\/\" \/>\n<meta property=\"og:site_name\" content=\"CMM Engineering Ltd.\" \/>\n<meta property=\"article:modified_time\" content=\"2023-08-22T12:01:54+00:00\" \/>\n<meta name=\"twitter:card\" content=\"summary_large_image\" \/>\n<meta name=\"twitter:label1\" content=\"Est. reading time\" \/>\n\t<meta name=\"twitter:data1\" content=\"1 minute\" \/>\n<script type=\"application\/ld+json\" class=\"yoast-schema-graph\">{\"@context\":\"https:\/\/schema.org\",\"@graph\":[{\"@type\":\"WebPage\",\"@id\":\"https:\/\/www.cmmengineering.com\/en\/contact-us\/\",\"url\":\"https:\/\/www.cmmengineering.com\/en\/contact-us\/\",\"name\":\"Contact Us - CMM Engineering Ltd.\",\"isPartOf\":{\"@id\":\"https:\/\/www.cmmengineering.com\/en\/#website\"},\"datePublished\":\"2016-02-07T10:05:39+00:00\",\"dateModified\":\"2023-08-22T12:01:54+00:00\",\"breadcrumb\":{\"@id\":\"https:\/\/www.cmmengineering.com\/en\/contact-us\/#breadcrumb\"},\"inLanguage\":\"en-US\",\"potentialAction\":[{\"@type\":\"ReadAction\",\"target\":[\"https:\/\/www.cmmengineering.com\/en\/contact-us\/\"]}]},{\"@type\":\"BreadcrumbList\",\"@id\":\"https:\/\/www.cmmengineering.com\/en\/contact-us\/#breadcrumb\",\"itemListElement\":[{\"@type\":\"ListItem\",\"position\":1,\"name\":\"Anasayfa\",\"item\":\"https:\/\/www.cmmengineering.com\/en\/\"},{\"@type\":\"ListItem\",\"position\":2,\"name\":\"Contact Us\"}]},{\"@type\":\"WebSite\",\"@id\":\"https:\/\/www.cmmengineering.com\/en\/#website\",\"url\":\"https:\/\/www.cmmengineering.com\/en\/\",\"name\":\"CMM Engineering Ltd.\",\"description\":\"Reliable Automation Partner\",\"publisher\":{\"@id\":\"https:\/\/www.cmmengineering.com\/en\/#organization\"},\"potentialAction\":[{\"@type\":\"SearchAction\",\"target\":{\"@type\":\"EntryPoint\",\"urlTemplate\":\"https:\/\/www.cmmengineering.com\/en\/?s={search_term_string}\"},\"query-input\":\"required name=search_term_string\"}],\"inLanguage\":\"en-US\"},{\"@type\":\"Organization\",\"@id\":\"https:\/\/www.cmmengineering.com\/en\/#organization\",\"name\":\"CMM M\u00fchendislik \u0130\u00e7 ve D\u0131\u015f Ticaret Limited \u015eirketi\",\"url\":\"https:\/\/www.cmmengineering.com\/en\/\",\"logo\":{\"@type\":\"ImageObject\",\"inLanguage\":\"en-US\",\"@id\":\"https:\/\/www.cmmengineering.com\/en\/#\/schema\/logo\/image\/\",\"url\":\"https:\/\/www.cmmengineering.com\/en\/wp-content\/uploads\/2023\/05\/CMM-Logo-Kare-Beyaz-Arka-Planli.png\",\"contentUrl\":\"https:\/\/www.cmmengineering.com\/en\/wp-content\/uploads\/2023\/05\/CMM-Logo-Kare-Beyaz-Arka-Planli.png\",\"width\":700,\"height\":700,\"caption\":\"CMM M\u00fchendislik \u0130\u00e7 ve D\u0131\u015f Ticaret Limited \u015eirketi\"},\"image\":{\"@id\":\"https:\/\/www.cmmengineering.com\/en\/#\/schema\/logo\/image\/\"},\"sameAs\":[\"https:\/\/www.instagram.com\/cmmturkiye\/\",\"https:\/\/www.linkedin.com\/company\/88394005\/\"]}]}<\/script>\n<!-- \/ Yoast SEO Premium plugin. -->","yoast_head_json":{"title":"Contact Us - CMM Engineering Ltd.","robots":{"index":"index","follow":"follow","max-snippet":"max-snippet:-1","max-image-preview":"max-image-preview:large","max-video-preview":"max-video-preview:-1"},"canonical":"https:\/\/www.cmmengineering.com\/en\/contact-us\/","og_locale":"en_US","og_type":"article","og_title":"Contact Us","og_description":"[vc_row equal_height=&#8221;yes&#8221; content_placement=&#8221;top&#8221; type=&#8221;vc_default&#8221; margin_top=&#8221;5&#8243; margin_bottom=&#8221;10&#8243; css=&#8221;.vc_custom_1529513148816{padding-top: 70px !important;padding-bottom: 30px !important;}&#8221;][vc_column offset=&#8221;vc_col-lg-offset-2 vc_col-lg-8 vc_col-md-offset-1 vc_col-md-10&#8243;][\/vc_column][vc_column][vc_row_inner equal_height=&#8221;yes&#8221; content_placement=&#8221;top&#8221;][vc_column_inner width=&#8221;1\/2&#8243; css=&#8221;.vc_custom_1491746397816{padding-bottom: 50px !important;}&#8221;][vc_gmaps link=&#8221;#E-8_JTNDaWZyYW1lJTIwc3JjJTNEJTIyaHR0cHMlM0ElMkYlMkZ3d3cuZ29vZ2xlLmNvbSUyRm1hcHMlMkZlbWJlZCUzRnBiJTNEJTIxMW0xOCUyMTFtMTIlMjExbTMlMjExZDMwMTEuODU0MDYxNjI0MTY0JTIxMmQyOS4yNjkxMDA1NzYyNTk2OCUyMTNkNDAuOTg0Njc2MzcxMzUzNzQlMjEybTMlMjExZjAlMjEyZjAlMjEzZjAlMjEzbTIlMjExaTEwMjQlMjEyaTc2OCUyMTRmMTMuMSUyMTNtMyUyMTFtMiUyMTFzMHgxNGNhZDExMWU0MTE3N2UzJTI1M0EweGJmZTlkZjNmNzYxMDA3ZTMlMjEyelEwMU5JRTNEdkdobGJtUnBjMnhwYXlERXNNT25JSFpsSUVURXNjV2ZJRlJwWXk1TWRHUXV4WjUwYVM0JTIxNWUwJTIxM20yJTIxMXN0ciUyMTJzdHIlMjE0djE2OTI2Mjk4NDA5NTElMjE1bTIlMjExc3RyJTIxMnN0ciUyMiUyMHdpZHRoJTNEJTIyODAwJTIyJTIwaGVpZ2h0JTNEJTIyNjAwJTIyJTIwc3R5bGUlM0QlMjJib3JkZXIlM0EwJTNCJTIyJTIwYWxsb3dmdWxsc2NyZWVuJTNEJTIyJTIyJTIwbG9hZGluZyUzRCUyMmxhenklMjIlMjByZWZlcnJlcnBvbGljeSUzRCUyMm5vLXJlZmVycmVyLXdoZW4tZG93bmdyYWRlJTIyJTNFJTNDJTJGaWZyYW1lJTNF&#8221;][\/vc_column_inner][vc_column_inner width=&#8221;1\/2&#8243; css=&#8221;.vc_custom_1491746388981{padding-bottom: 50px !important;}&#8221;][\/vc_column_inner][\/vc_row_inner][vc_column_text css=&#8221;.vc_custom_1678389362022{padding-bottom: 20px !important;}&#8221;] CMM M\u00dcHEND\u0130SL\u0130K \u0130\u00c7 VE DI\u015e T\u0130CARET L\u0130M\u0130TED \u015e\u0130RKET\u0130 Battalgazi Mahallesi End\u00fcl\u00fcs Sokak Sultan Sanayi Sitesi D Blok No:24D1\/51 34935 \u00a0Sultanbeyli\/\u0130stanbul Sultanbeyli V.D. &#8211; 2111405748 [\/vc_column_text][vc_column_text] INFORMATION&hellip;","og_url":"https:\/\/www.cmmengineering.com\/en\/contact-us\/","og_site_name":"CMM Engineering Ltd.","article_modified_time":"2023-08-22T12:01:54+00:00","twitter_card":"summary_large_image","twitter_misc":{"Est. reading time":"1 minute"},"schema":{"@context":"https:\/\/schema.org","@graph":[{"@type":"WebPage","@id":"https:\/\/www.cmmengineering.com\/en\/contact-us\/","url":"https:\/\/www.cmmengineering.com\/en\/contact-us\/","name":"Contact Us - CMM Engineering Ltd.","isPartOf":{"@id":"https:\/\/www.cmmengineering.com\/en\/#website"},"datePublished":"2016-02-07T10:05:39+00:00","dateModified":"2023-08-22T12:01:54+00:00","breadcrumb":{"@id":"https:\/\/www.cmmengineering.com\/en\/contact-us\/#breadcrumb"},"inLanguage":"en-US","potentialAction":[{"@type":"ReadAction","target":["https:\/\/www.cmmengineering.com\/en\/contact-us\/"]}]},{"@type":"BreadcrumbList","@id":"https:\/\/www.cmmengineering.com\/en\/contact-us\/#breadcrumb","itemListElement":[{"@type":"ListItem","position":1,"name":"Anasayfa","item":"https:\/\/www.cmmengineering.com\/en\/"},{"@type":"ListItem","position":2,"name":"Contact Us"}]},{"@type":"WebSite","@id":"https:\/\/www.cmmengineering.com\/en\/#website","url":"https:\/\/www.cmmengineering.com\/en\/","name":"CMM Engineering Ltd.","description":"Reliable Automation Partner","publisher":{"@id":"https:\/\/www.cmmengineering.com\/en\/#organization"},"potentialAction":[{"@type":"SearchAction","target":{"@type":"EntryPoint","urlTemplate":"https:\/\/www.cmmengineering.com\/en\/?s={search_term_string}"},"query-input":"required name=search_term_string"}],"inLanguage":"en-US"},{"@type":"Organization","@id":"https:\/\/www.cmmengineering.com\/en\/#organization","name":"CMM M\u00fchendislik \u0130\u00e7 ve D\u0131\u015f Ticaret Limited \u015eirketi","url":"https:\/\/www.cmmengineering.com\/en\/","logo":{"@type":"ImageObject","inLanguage":"en-US","@id":"https:\/\/www.cmmengineering.com\/en\/#\/schema\/logo\/image\/","url":"https:\/\/www.cmmengineering.com\/en\/wp-content\/uploads\/2023\/05\/CMM-Logo-Kare-Beyaz-Arka-Planli.png","contentUrl":"https:\/\/www.cmmengineering.com\/en\/wp-content\/uploads\/2023\/05\/CMM-Logo-Kare-Beyaz-Arka-Planli.png","width":700,"height":700,"caption":"CMM M\u00fchendislik \u0130\u00e7 ve D\u0131\u015f Ticaret Limited \u015eirketi"},"image":{"@id":"https:\/\/www.cmmengineering.com\/en\/#\/schema\/logo\/image\/"},"sameAs":["https:\/\/www.instagram.com\/cmmturkiye\/","https:\/\/www.linkedin.com\/company\/88394005\/"]}]}},"jetpack_sharing_enabled":true,"_links":{"self":[{"href":"https:\/\/www.cmmengineering.com\/en\/wp-json\/wp\/v2\/pages\/53","targetHints":{"allow":["GET"]}}],"collection":[{"href":"https:\/\/www.cmmengineering.com\/en\/wp-json\/wp\/v2\/pages"}],"about":[{"href":"https:\/\/www.cmmengineering.com\/en\/wp-json\/wp\/v2\/types\/page"}],"author":[{"embeddable":true,"href":"https:\/\/www.cmmengineering.com\/en\/wp-json\/wp\/v2\/users\/1"}],"replies":[{"embeddable":true,"href":"https:\/\/www.cmmengineering.com\/en\/wp-json\/wp\/v2\/comments?post=53"}],"version-history":[{"count":12,"href":"https:\/\/www.cmmengineering.com\/en\/wp-json\/wp\/v2\/pages\/53\/revisions"}],"predecessor-version":[{"id":2683,"href":"https:\/\/www.cmmengineering.com\/en\/wp-json\/wp\/v2\/pages\/53\/revisions\/2683"}],"wp:attachment":[{"href":"https:\/\/www.cmmengineering.com\/en\/wp-json\/wp\/v2\/media?parent=53"}],"curies":[{"name":"wp","href":"https:\/\/api.w.org\/{rel}","templated":true}]}}