{"id":47,"date":"2016-02-07T10:02:50","date_gmt":"2016-02-07T10:02:50","guid":{"rendered":"https:\/\/the7.io\/marketing-agency\/?page_id=47"},"modified":"2023-08-19T09:16:07","modified_gmt":"2023-08-19T09:16:07","slug":"what-we-offer","status":"publish","type":"page","link":"https:\/\/www.cmmengineering.com\/en\/what-we-offer\/","title":{"rendered":"What We Offer"},"content":{"rendered":"<section class=\"wpb-content-wrapper\"><p>[vc_row equal_height=&#8221;yes&#8221; content_placement=&#8221;middle&#8221; type=&#8221;vc_default&#8221; margin_top=&#8221;5&#8243; margin_bottom=&#8221;10&#8243; css=&#8221;.vc_custom_1529571904086{padding-top: 70px !important;padding-bottom: 20px !important;}&#8221;][vc_column offset=&#8221;vc_col-lg-offset-1 vc_col-lg-10&#8243;][vc_row_inner][vc_column_inner width=&#8221;1\/3&#8243;]<div class=\"aio-icon-component  vc_custom_1678545880760  accent-icon-bg style_2\"><a class=\"aio-icon-box-link\" href=\"https:\/\/www.cmmengineering.com\/en\/hizmetlerimiz\/musteriye-ozel-makine-tasarimi\/\" title=\"M\u00fc\u015fteriye \u00d6zel Makine Tasar\u0131m\u0131\" ><div id=\"Info-box-wrap-2063\" class=\"aio-icon-box top-icon\" style=\"\"  ><div class=\"aio-icon-top\"><div class=\"ult-just-icon-wrapper  \"><div class=\"align-icon\" style=\"text-align:center;\">\n<div class=\"aio-icon advanced \"  style=\"color:#ffffff;background:#ffffff;border-style:;border-color:#333333;border-width:1px;width:100px;height:100px;line-height:100px;border-radius:500px;font-size:32px;display:inline-block;\">\n\t<i class=\"icomoon-fontawesome-16x16-cog\"><\/i>\n<\/div><\/div><\/div><\/div><div class=\"aio-icon-header\" ><h3 class=\"aio-icon-title ult-responsive\"  data-ultimate-target='#Info-box-wrap-2063 .aio-icon-title'  data-responsive-json-new='{\"font-size\":\"desktop:22px;\",\"line-height\":\"desktop:32px;\"}'  style=\"\">M\u00fc\u015fteriye \u00d6zel Makine Tasar\u0131m\u0131 ve \u0130malat\u0131<\/h3><\/div> <!-- header --><\/div> <!-- aio-icon-box --><\/a><\/div> <!-- aio-icon-component -->[\/vc_column_inner][vc_column_inner width=&#8221;1\/3&#8243;]<div class=\"aio-icon-component  vc_custom_1678545915133  accent-icon-bg style_2\"><a class=\"aio-icon-box-link\" href=\"https:\/\/www.cmmengineering.com\/en\/hizmetlerimiz\/robot-ve-otomasyon-projeleri\/\" title=\"Robot ve Otomasyon Projeleri\" ><div id=\"Info-box-wrap-8761\" class=\"aio-icon-box top-icon\" style=\"\"  ><div class=\"aio-icon-top\"><div class=\"ult-just-icon-wrapper  \"><div class=\"align-icon\" style=\"text-align:center;\">\n<div class=\"aio-icon advanced \"  style=\"color:#ffffff;background:#ffffff;border-style:;border-color:#333333;border-width:1px;width:100px;height:100px;line-height:100px;border-radius:500px;font-size:32px;display:inline-block;\">\n\t<i class=\"fas fa-laptop-code\"><\/i>\n<\/div><\/div><\/div><\/div><div class=\"aio-icon-header\" ><h3 class=\"aio-icon-title ult-responsive\"  data-ultimate-target='#Info-box-wrap-8761 .aio-icon-title'  data-responsive-json-new='{\"font-size\":\"desktop:22px;\",\"line-height\":\"desktop:32px;\"}'  style=\"\">Robot ve Di\u011fer Otomasyon \u00c7\u00f6z\u00fcmleri<\/h3><\/div> <!-- header --><\/div> <!-- aio-icon-box --><\/a><\/div> <!-- aio-icon-component -->[\/vc_column_inner][vc_column_inner width=&#8221;1\/3&#8243;]<div class=\"aio-icon-component  vc_custom_1678545931801  accent-icon-bg style_2\"><a class=\"aio-icon-box-link\" href=\"https:\/\/www.cmmengineering.com\/en\/\" title=\"Ana Sayfa\" ><div id=\"Info-box-wrap-8156\" class=\"aio-icon-box top-icon\" style=\"\"  ><div class=\"aio-icon-top\"><div class=\"ult-just-icon-wrapper  \"><div class=\"align-icon\" style=\"text-align:center;\">\n<div class=\"aio-icon advanced \"  style=\"color:#ffffff;background:#ffffff;border-style:;border-color:#333333;border-width:1px;width:100px;height:100px;line-height:100px;border-radius:500px;font-size:32px;display:inline-block;\">\n\t<i class=\"icomoon-fontawesome-16x16-laptop\"><\/i>\n<\/div><\/div><\/div><\/div><div class=\"aio-icon-header\" ><h3 class=\"aio-icon-title ult-responsive\"  data-ultimate-target='#Info-box-wrap-8156 .aio-icon-title'  data-responsive-json-new='{\"font-size\":\"desktop:22px;\",\"line-height\":\"desktop:32px;\"}'  style=\"\">M\u00fc\u015fteriye \u00d6zel Yaz\u0131l\u0131m \u00c7\u00f6z\u00fcmleri<\/h3><\/div> <!-- header --><\/div> <!-- aio-icon-box --><\/a><\/div> <!-- aio-icon-component -->[\/vc_column_inner][\/vc_row_inner][\/vc_column][\/vc_row][vc_row bg_type=&#8221;image&#8221; parallax_style=&#8221;vcpb-vz-jquery&#8221; bg_image_new=&#8221;id^1900|url^https:\/\/www.cmmengineering.com\/en\/wp-content\/uploads\/2018\/06\/trade10.jpg|caption^null|alt^null|title^trade10|description^null&#8221; parallax_sense=&#8221;40&#8243; bg_override=&#8221;ex-full&#8221; enable_overlay=&#8221;enable_overlay_value&#8221; overlay_color=&#8221;rgba(0,0,0,0.6)&#8221; type=&#8221;vc_default&#8221; css=&#8221;.vc_custom_1529568827418{padding-top: 100px !important;padding-bottom: 105px !important;}&#8221;][vc_column width=&#8221;5\/6&#8243; offset=&#8221;vc_col-lg-offset-2 vc_col-lg-8 vc_col-md-offset-1 vc_col-md-10 vc_col-sm-offset-1&#8243;]<div id=\"ultimate-heading-223969d636eaf19c1\" class=\"uvc-heading ult-adjust-bottom-margin ultimate-heading-223969d636eaf19c1 uvc-5013 accent-border-color\" data-hspacer=\"line_only\"  data-halign=\"center\" style=\"text-align:center\"><div class=\"uvc-main-heading ult-responsive\"  data-ultimate-target='.uvc-heading.ultimate-heading-223969d636eaf19c1 h2'  data-responsive-json-new='{\"font-size\":\"desktop:22px;\",\"line-height\":\"desktop:32px;\"}' ><h2 style=\"font-weight:bold;color:#ffffff;margin-bottom:5px;\">Seven Software<\/h2><\/div><div class=\"uvc-heading-spacer line_only\" style=\"margin-bottom:40px;height:3px;\"><span class=\"uvc-headings-line\" style=\"border-style:solid;border-bottom-width:3px;border-color:;width:80px;\"><\/span><\/div><div class=\"uvc-sub-heading ult-responsive\"  data-ultimate-target='.uvc-heading.ultimate-heading-223969d636eaf19c1 .uvc-sub-heading '  data-responsive-json-new='{\"font-size\":\"desktop:44px;tablet_portrait:30px;mobile_landscape:22px;\",\"line-height\":\"desktop:54px;tablet_portrait:40px;mobile_landscape:32px;\"}'  style=\"font-family:&#039;Raleway&#039;;font-weight:bold;color:#ffffff;\">Contact us every time you need and our team will bibendum quam in elit accumsan, quis maximus urna venenatis lorem!<\/div><\/div><style type=\"text\/css\" data-type=\"the7_shortcodes-inline-css\">#default-btn-ac9e5d1914c617283a59c4170879eff0.ico-right-side > i {\n  margin-right: 0px;\n  margin-left: 8px;\n}\n#default-btn-ac9e5d1914c617283a59c4170879eff0 > i {\n  margin-right: 8px;\n}\n<\/style><div class=\"btn-align-center\"><a href=\"\/software-company\/contact\/\" class=\"default-btn-shortcode dt-btn dt-btn-l link-hover-off  vc_custom_1529507376263\" id=\"default-btn-ac9e5d1914c617283a59c4170879eff0\" style=\"width:200px;\"><span>CONTACT US<\/span><\/a><\/div>[\/vc_column][\/vc_row]<\/p>\n<\/section>","protected":false},"excerpt":{"rendered":"<p>[vc_row equal_height=&#8221;yes&#8221; content_placement=&#8221;middle&#8221; type=&#8221;vc_default&#8221; margin_top=&#8221;5&#8243; margin_bottom=&#8221;10&#8243; css=&#8221;.vc_custom_1529571904086{padding-top: 70px !important;padding-bottom: 20px !important;}&#8221;][vc_column offset=&#8221;vc_col-lg-offset-1 vc_col-lg-10&#8243;][vc_row_inner][vc_column_inner width=&#8221;1\/3&#8243;][\/vc_column_inner][vc_column_inner width=&#8221;1\/3&#8243;][\/vc_column_inner][vc_column_inner width=&#8221;1\/3&#8243;][\/vc_column_inner][\/vc_row_inner][\/vc_column][\/vc_row][vc_row bg_type=&#8221;image&#8221; parallax_style=&#8221;vcpb-vz-jquery&#8221; bg_image_new=&#8221;id^1900|url^https:\/\/www.cmmengineering.com\/en\/wp-content\/uploads\/2018\/06\/trade10.jpg|caption^null|alt^null|title^trade10|description^null&#8221; parallax_sense=&#8221;40&#8243; bg_override=&#8221;ex-full&#8221; enable_overlay=&#8221;enable_overlay_value&#8221; overlay_color=&#8221;rgba(0,0,0,0.6)&#8221; type=&#8221;vc_default&#8221; css=&#8221;.vc_custom_1529568827418{padding-top: 100px !important;padding-bottom: 105px !important;}&#8221;][vc_column width=&#8221;5\/6&#8243; offset=&#8221;vc_col-lg-offset-2 vc_col-lg-8 vc_col-md-offset-1 vc_col-md-10 vc_col-sm-offset-1&#8243;][\/vc_column][\/vc_row]<\/p>\n","protected":false},"author":1,"featured_media":0,"parent":0,"menu_order":20,"comment_status":"closed","ping_status":"closed","template":"","meta":{"om_disable_all_campaigns":false,"_mi_skip_tracking":false,"_monsterinsights_sitenote_active":false,"_monsterinsights_sitenote_note":"","_monsterinsights_sitenote_category":0,"footnotes":""},"class_list":["post-47","page","type-page","status-publish","hentry","description-off"],"yoast_head":"<!-- This site is optimized with the Yoast SEO Premium plugin v20.13 (Yoast SEO v21.4) - https:\/\/yoast.com\/wordpress\/plugins\/seo\/ -->\n<title>What We Offer - CMM Engineering Ltd.<\/title>\n<meta name=\"robots\" content=\"index, follow, max-snippet:-1, max-image-preview:large, max-video-preview:-1\" \/>\n<link rel=\"canonical\" href=\"https:\/\/www.cmmengineering.com\/en\/what-we-offer\/\" \/>\n<meta property=\"og:locale\" content=\"en_US\" \/>\n<meta property=\"og:type\" content=\"article\" \/>\n<meta property=\"og:title\" content=\"What We Offer\" \/>\n<meta property=\"og:description\" content=\"[vc_row equal_height=&#8221;yes&#8221; content_placement=&#8221;middle&#8221; type=&#8221;vc_default&#8221; margin_top=&#8221;5&#8243; margin_bottom=&#8221;10&#8243; css=&#8221;.vc_custom_1529571904086{padding-top: 70px !important;padding-bottom: 20px !important;}&#8221;][vc_column offset=&#8221;vc_col-lg-offset-1 vc_col-lg-10&#8243;][vc_row_inner][vc_column_inner width=&#8221;1\/3&#8243;][\/vc_column_inner][vc_column_inner width=&#8221;1\/3&#8243;][\/vc_column_inner][vc_column_inner width=&#8221;1\/3&#8243;][\/vc_column_inner][\/vc_row_inner][\/vc_column][\/vc_row][vc_row bg_type=&#8221;image&#8221; parallax_style=&#8221;vcpb-vz-jquery&#8221; bg_image_new=&#8221;id^1900|url^https:\/\/www.cmmengineering.com\/en\/wp-content\/uploads\/2018\/06\/trade10.jpg|caption^null|alt^null|title^trade10|description^null&#8221; parallax_sense=&#8221;40&#8243; bg_override=&#8221;ex-full&#8221; enable_overlay=&#8221;enable_overlay_value&#8221; overlay_color=&#8221;rgba(0,0,0,0.6)&#8221; type=&#8221;vc_default&#8221; css=&#8221;.vc_custom_1529568827418{padding-top: 100px !important;padding-bottom: 105px !important;}&#8221;][vc_column width=&#8221;5\/6&#8243; offset=&#8221;vc_col-lg-offset-2 vc_col-lg-8 vc_col-md-offset-1 vc_col-md-10 vc_col-sm-offset-1&#8243;][\/vc_column][\/vc_row]\" \/>\n<meta property=\"og:url\" content=\"https:\/\/www.cmmengineering.com\/en\/what-we-offer\/\" \/>\n<meta property=\"og:site_name\" content=\"CMM Engineering Ltd.\" \/>\n<meta property=\"article:modified_time\" content=\"2023-08-19T09:16:07+00:00\" \/>\n<meta name=\"twitter:card\" content=\"summary_large_image\" \/>\n<meta name=\"twitter:label1\" content=\"Est. reading time\" \/>\n\t<meta name=\"twitter:data1\" content=\"3 minutes\" \/>\n<script type=\"application\/ld+json\" class=\"yoast-schema-graph\">{\"@context\":\"https:\/\/schema.org\",\"@graph\":[{\"@type\":\"WebPage\",\"@id\":\"https:\/\/www.cmmengineering.com\/en\/what-we-offer\/\",\"url\":\"https:\/\/www.cmmengineering.com\/en\/what-we-offer\/\",\"name\":\"What We Offer - CMM Engineering Ltd.\",\"isPartOf\":{\"@id\":\"https:\/\/www.cmmengineering.com\/en\/#website\"},\"datePublished\":\"2016-02-07T10:02:50+00:00\",\"dateModified\":\"2023-08-19T09:16:07+00:00\",\"breadcrumb\":{\"@id\":\"https:\/\/www.cmmengineering.com\/en\/what-we-offer\/#breadcrumb\"},\"inLanguage\":\"en-US\",\"potentialAction\":[{\"@type\":\"ReadAction\",\"target\":[\"https:\/\/www.cmmengineering.com\/en\/what-we-offer\/\"]}]},{\"@type\":\"BreadcrumbList\",\"@id\":\"https:\/\/www.cmmengineering.com\/en\/what-we-offer\/#breadcrumb\",\"itemListElement\":[{\"@type\":\"ListItem\",\"position\":1,\"name\":\"Anasayfa\",\"item\":\"https:\/\/www.cmmengineering.com\/en\/\"},{\"@type\":\"ListItem\",\"position\":2,\"name\":\"What We Offer\"}]},{\"@type\":\"WebSite\",\"@id\":\"https:\/\/www.cmmengineering.com\/en\/#website\",\"url\":\"https:\/\/www.cmmengineering.com\/en\/\",\"name\":\"CMM Engineering Ltd.\",\"description\":\"Reliable Automation Partner\",\"publisher\":{\"@id\":\"https:\/\/www.cmmengineering.com\/en\/#organization\"},\"potentialAction\":[{\"@type\":\"SearchAction\",\"target\":{\"@type\":\"EntryPoint\",\"urlTemplate\":\"https:\/\/www.cmmengineering.com\/en\/?s={search_term_string}\"},\"query-input\":\"required name=search_term_string\"}],\"inLanguage\":\"en-US\"},{\"@type\":\"Organization\",\"@id\":\"https:\/\/www.cmmengineering.com\/en\/#organization\",\"name\":\"CMM M\u00fchendislik \u0130\u00e7 ve D\u0131\u015f Ticaret Limited \u015eirketi\",\"url\":\"https:\/\/www.cmmengineering.com\/en\/\",\"logo\":{\"@type\":\"ImageObject\",\"inLanguage\":\"en-US\",\"@id\":\"https:\/\/www.cmmengineering.com\/en\/#\/schema\/logo\/image\/\",\"url\":\"https:\/\/www.cmmengineering.com\/en\/wp-content\/uploads\/2023\/05\/CMM-Logo-Kare-Beyaz-Arka-Planli.png\",\"contentUrl\":\"https:\/\/www.cmmengineering.com\/en\/wp-content\/uploads\/2023\/05\/CMM-Logo-Kare-Beyaz-Arka-Planli.png\",\"width\":700,\"height\":700,\"caption\":\"CMM M\u00fchendislik \u0130\u00e7 ve D\u0131\u015f Ticaret Limited \u015eirketi\"},\"image\":{\"@id\":\"https:\/\/www.cmmengineering.com\/en\/#\/schema\/logo\/image\/\"},\"sameAs\":[\"https:\/\/www.instagram.com\/cmmturkiye\/\",\"https:\/\/www.linkedin.com\/company\/88394005\/\"]}]}<\/script>\n<!-- \/ Yoast SEO Premium plugin. -->","yoast_head_json":{"title":"What We Offer - CMM Engineering Ltd.","robots":{"index":"index","follow":"follow","max-snippet":"max-snippet:-1","max-image-preview":"max-image-preview:large","max-video-preview":"max-video-preview:-1"},"canonical":"https:\/\/www.cmmengineering.com\/en\/what-we-offer\/","og_locale":"en_US","og_type":"article","og_title":"What We Offer","og_description":"[vc_row equal_height=&#8221;yes&#8221; content_placement=&#8221;middle&#8221; type=&#8221;vc_default&#8221; margin_top=&#8221;5&#8243; margin_bottom=&#8221;10&#8243; css=&#8221;.vc_custom_1529571904086{padding-top: 70px !important;padding-bottom: 20px !important;}&#8221;][vc_column offset=&#8221;vc_col-lg-offset-1 vc_col-lg-10&#8243;][vc_row_inner][vc_column_inner width=&#8221;1\/3&#8243;][\/vc_column_inner][vc_column_inner width=&#8221;1\/3&#8243;][\/vc_column_inner][vc_column_inner width=&#8221;1\/3&#8243;][\/vc_column_inner][\/vc_row_inner][\/vc_column][\/vc_row][vc_row bg_type=&#8221;image&#8221; parallax_style=&#8221;vcpb-vz-jquery&#8221; bg_image_new=&#8221;id^1900|url^https:\/\/www.cmmengineering.com\/en\/wp-content\/uploads\/2018\/06\/trade10.jpg|caption^null|alt^null|title^trade10|description^null&#8221; parallax_sense=&#8221;40&#8243; bg_override=&#8221;ex-full&#8221; enable_overlay=&#8221;enable_overlay_value&#8221; overlay_color=&#8221;rgba(0,0,0,0.6)&#8221; type=&#8221;vc_default&#8221; css=&#8221;.vc_custom_1529568827418{padding-top: 100px !important;padding-bottom: 105px !important;}&#8221;][vc_column width=&#8221;5\/6&#8243; offset=&#8221;vc_col-lg-offset-2 vc_col-lg-8 vc_col-md-offset-1 vc_col-md-10 vc_col-sm-offset-1&#8243;][\/vc_column][\/vc_row]","og_url":"https:\/\/www.cmmengineering.com\/en\/what-we-offer\/","og_site_name":"CMM Engineering Ltd.","article_modified_time":"2023-08-19T09:16:07+00:00","twitter_card":"summary_large_image","twitter_misc":{"Est. reading time":"3 minutes"},"schema":{"@context":"https:\/\/schema.org","@graph":[{"@type":"WebPage","@id":"https:\/\/www.cmmengineering.com\/en\/what-we-offer\/","url":"https:\/\/www.cmmengineering.com\/en\/what-we-offer\/","name":"What We Offer - CMM Engineering Ltd.","isPartOf":{"@id":"https:\/\/www.cmmengineering.com\/en\/#website"},"datePublished":"2016-02-07T10:02:50+00:00","dateModified":"2023-08-19T09:16:07+00:00","breadcrumb":{"@id":"https:\/\/www.cmmengineering.com\/en\/what-we-offer\/#breadcrumb"},"inLanguage":"en-US","potentialAction":[{"@type":"ReadAction","target":["https:\/\/www.cmmengineering.com\/en\/what-we-offer\/"]}]},{"@type":"BreadcrumbList","@id":"https:\/\/www.cmmengineering.com\/en\/what-we-offer\/#breadcrumb","itemListElement":[{"@type":"ListItem","position":1,"name":"Anasayfa","item":"https:\/\/www.cmmengineering.com\/en\/"},{"@type":"ListItem","position":2,"name":"What We Offer"}]},{"@type":"WebSite","@id":"https:\/\/www.cmmengineering.com\/en\/#website","url":"https:\/\/www.cmmengineering.com\/en\/","name":"CMM Engineering Ltd.","description":"Reliable Automation Partner","publisher":{"@id":"https:\/\/www.cmmengineering.com\/en\/#organization"},"potentialAction":[{"@type":"SearchAction","target":{"@type":"EntryPoint","urlTemplate":"https:\/\/www.cmmengineering.com\/en\/?s={search_term_string}"},"query-input":"required name=search_term_string"}],"inLanguage":"en-US"},{"@type":"Organization","@id":"https:\/\/www.cmmengineering.com\/en\/#organization","name":"CMM M\u00fchendislik \u0130\u00e7 ve D\u0131\u015f Ticaret Limited \u015eirketi","url":"https:\/\/www.cmmengineering.com\/en\/","logo":{"@type":"ImageObject","inLanguage":"en-US","@id":"https:\/\/www.cmmengineering.com\/en\/#\/schema\/logo\/image\/","url":"https:\/\/www.cmmengineering.com\/en\/wp-content\/uploads\/2023\/05\/CMM-Logo-Kare-Beyaz-Arka-Planli.png","contentUrl":"https:\/\/www.cmmengineering.com\/en\/wp-content\/uploads\/2023\/05\/CMM-Logo-Kare-Beyaz-Arka-Planli.png","width":700,"height":700,"caption":"CMM M\u00fchendislik \u0130\u00e7 ve D\u0131\u015f Ticaret Limited \u015eirketi"},"image":{"@id":"https:\/\/www.cmmengineering.com\/en\/#\/schema\/logo\/image\/"},"sameAs":["https:\/\/www.instagram.com\/cmmturkiye\/","https:\/\/www.linkedin.com\/company\/88394005\/"]}]}},"jetpack_sharing_enabled":true,"_links":{"self":[{"href":"https:\/\/www.cmmengineering.com\/en\/wp-json\/wp\/v2\/pages\/47","targetHints":{"allow":["GET"]}}],"collection":[{"href":"https:\/\/www.cmmengineering.com\/en\/wp-json\/wp\/v2\/pages"}],"about":[{"href":"https:\/\/www.cmmengineering.com\/en\/wp-json\/wp\/v2\/types\/page"}],"author":[{"embeddable":true,"href":"https:\/\/www.cmmengineering.com\/en\/wp-json\/wp\/v2\/users\/1"}],"replies":[{"embeddable":true,"href":"https:\/\/www.cmmengineering.com\/en\/wp-json\/wp\/v2\/comments?post=47"}],"version-history":[{"count":5,"href":"https:\/\/www.cmmengineering.com\/en\/wp-json\/wp\/v2\/pages\/47\/revisions"}],"predecessor-version":[{"id":2627,"href":"https:\/\/www.cmmengineering.com\/en\/wp-json\/wp\/v2\/pages\/47\/revisions\/2627"}],"wp:attachment":[{"href":"https:\/\/www.cmmengineering.com\/en\/wp-json\/wp\/v2\/media?parent=47"}],"curies":[{"name":"wp","href":"https:\/\/api.w.org\/{rel}","templated":true}]}}