{"id":388,"date":"2016-02-08T15:50:40","date_gmt":"2016-02-08T15:50:40","guid":{"rendered":"https:\/\/the7.io\/marketing-agency\/?page_id=388"},"modified":"2023-08-22T12:05:04","modified_gmt":"2023-08-22T12:05:04","slug":"about-us","status":"publish","type":"page","link":"https:\/\/www.cmmengineering.com\/en\/about-us\/","title":{"rendered":"About Us"},"content":{"rendered":"<section class=\"wpb-content-wrapper\"><p>[vc_row equal_height=&#8221;yes&#8221; content_placement=&#8221;middle&#8221; type=&#8221;vc_default&#8221; margin_top=&#8221;5&#8243; margin_bottom=&#8221;10&#8243; css=&#8221;.vc_custom_1529516549373{padding-top: 70px !important;padding-bottom: 20px !important;}&#8221;][vc_column offset=&#8221;vc_col-lg-offset-2 vc_col-lg-8 vc_col-md-offset-1 vc_col-md-10&#8243;]<div id=\"ultimate-heading-973369d592d368546\" class=\"uvc-heading ult-adjust-bottom-margin ultimate-heading-973369d592d368546 uvc-137 \" data-hspacer=\"no_spacer\"  data-halign=\"center\" style=\"text-align:center\"><div class=\"uvc-heading-spacer no_spacer\" style=\"top\"><\/div><div class=\"uvc-main-heading ult-responsive\"  data-ultimate-target='.uvc-heading.ultimate-heading-973369d592d368546 h2'  data-responsive-json-new='{\"font-size\":\"desktop:44px;tablet_portrait:30px;\",\"line-height\":\"desktop:54px;tablet_portrait:40px;\"}' ><h2 style=\"font-weight:bold;margin-bottom:30px;\">About us<\/h2><\/div><\/div>[\/vc_column][vc_column][vc_row_inner equal_height=&#8221;yes&#8221; content_placement=&#8221;middle&#8221;][vc_column_inner width=&#8221;1\/2&#8243; css=&#8221;.vc_custom_1491746388981{padding-bottom: 50px !important;}&#8221;]<style type=\"text\/css\" data-type=\"the7_shortcodes-inline-css\">.shortcode-single-image-wrap.shortcode-single-image-813545d66ec8a6f06e02bc34ffae81de.enable-bg-rollover .rollover i,\n.shortcode-single-image-wrap.shortcode-single-image-813545d66ec8a6f06e02bc34ffae81de.enable-bg-rollover .rollover-video i {\n  background: -webkit-linear-gradient();\n  background: linear-gradient();\n}\n.shortcode-single-image-wrap.shortcode-single-image-813545d66ec8a6f06e02bc34ffae81de .rollover-icon {\n  font-size: 32px;\n  color: #ffffff;\n  min-width: 44px;\n  min-height: 44px;\n  line-height: 44px;\n  border-radius: 100px;\n  border-style: solid;\n  border-width: 0px;\n}\n.dt-icon-bg-on.shortcode-single-image-wrap.shortcode-single-image-813545d66ec8a6f06e02bc34ffae81de .rollover-icon {\n  background: rgba(255,255,255,0.3);\n  box-shadow: none;\n}\n<\/style><div class=\"shortcode-single-image-wrap shortcode-single-image-813545d66ec8a6f06e02bc34ffae81de alignnone  enable-bg-rollover dt-icon-bg-off\" style=\"margin-top:0px; margin-bottom:0px; margin-left:0px; margin-right:0px; width:1000px;\"><div class=\"shortcode-single-image\"><div class=\"fancy-media-wrap  layzr-bg\" style=\"\"><img fetchpriority=\"high\" decoding=\"async\" class=\"preload-me lazy-load aspect\" src=\"data:image\/svg+xml,%3Csvg%20xmlns%3D&#39;http%3A%2F%2Fwww.w3.org%2F2000%2Fsvg&#39;%20viewBox%3D&#39;0%200%201000%20700&#39;%2F%3E\" data-src=\"https:\/\/www.cmmengineering.com\/en\/wp-content\/uploads\/2023\/03\/cmm-2000-grid-casting-1000x700.jpg\" data-srcset=\"https:\/\/www.cmmengineering.com\/en\/wp-content\/uploads\/2023\/03\/cmm-2000-grid-casting-1000x700.jpg 1000w, https:\/\/www.cmmengineering.com\/en\/wp-content\/uploads\/2023\/03\/cmm-2000-grid-casting-1024x716.jpg 1024w\" loading=\"eager\" sizes=\"(max-width: 1000px) 100vw, 1000px\" width=\"1000\" height=\"700\"  data-dt-location=\"https:\/\/www.cmmengineering.com\/en\/about-us\/cmm-2000-grid-casting\/\" style=\"--ratio: 1000 \/ 700;\" alt=\"\" \/><\/div><\/div><\/div>[\/vc_column_inner][vc_column_inner width=&#8221;1\/2&#8243; css=&#8221;.vc_custom_1491746397816{padding-bottom: 50px !important;}&#8221;][vc_column_text css=&#8221;.vc_custom_1692616391492{padding-bottom: 20px !important;}&#8221;]CMM Domestic and Foreign Trade Limited Company, which serves the lead-acid battery sector in Turkey and abroad with the machines it has designed, was founded by the previous generation of our family in 1999, and has continued to serve the sector under various company titles over time.<\/p>\n<p>We continue to serve our customers as CMM Engineering Domestic and Foreign Trade Limited Company, by adhering to the value and achievements created by the previous generation, with our renewed corporate structure.<\/p>\n<p>Within our company, along with our expert team in the field, we continue to serve the lead-acid battery sector, and in addition, we are designing customer-specific machines to respond to today&#8217;s technology needs, including robots and automation systems.[\/vc_column_text]<style type=\"text\/css\" data-type=\"the7_shortcodes-inline-css\">#default-btn-6718d7108aaa44838c329121d48e86ae.ico-right-side > i {\n  margin-right: 0px;\n  margin-left: 8px;\n}\n#default-btn-6718d7108aaa44838c329121d48e86ae > i {\n  margin-right: 8px;\n}\n<\/style><a href=\"https:\/\/www.cmmengineering.com\/en\/contact-us\/\" class=\"default-btn-shortcode dt-btn dt-btn-m link-hover-off btn-inline-left \" id=\"default-btn-6718d7108aaa44838c329121d48e86ae\" title=\"\u0130leti\u015fim\"><span>CONTACT WITH US<\/span><\/a>[\/vc_column_inner][\/vc_row_inner][\/vc_column][\/vc_row][vc_row equal_height=&#8221;yes&#8221; content_placement=&#8221;middle&#8221; bg_type=&#8221;bg_color&#8221; bg_override=&#8221;ex-full&#8221; type=&#8221;vc_default&#8221; margin_top=&#8221;5&#8243; margin_bottom=&#8221;10&#8243; css=&#8221;.vc_custom_1529516558512{padding-top: 70px !important;padding-bottom: 20px !important;}&#8221; bg_color_value=&#8221;rgba(170,170,170,0.1)&#8221;][vc_column][vc_row_inner equal_height=&#8221;yes&#8221; content_placement=&#8221;middle&#8221;][vc_column_inner width=&#8221;1\/2&#8243; css=&#8221;.vc_custom_1491746397816{padding-bottom: 50px !important;}&#8221;]<div id=\"ultimate-heading-988269d592d369a20\" class=\"uvc-heading ult-adjust-bottom-margin ultimate-heading-988269d592d369a20 uvc-4391 \" data-hspacer=\"no_spacer\"  data-halign=\"left\" style=\"text-align:left\"><div class=\"uvc-heading-spacer no_spacer\" style=\"top\"><\/div><div class=\"uvc-main-heading ult-responsive\"  data-ultimate-target='.uvc-heading.ultimate-heading-988269d592d369a20 h2'  data-responsive-json-new='{\"font-size\":\"desktop:30px;\",\"line-height\":\"desktop:40px;\"}' ><h2 style=\"font-weight:bold;margin-bottom:30px;\">Customer-Centric Approach<\/h2><\/div><\/div>[vc_column_text]The greatest value we embrace as a company is to have the highest level of customer satisfaction in all production and delivery processes. As a supporter of this approach, we take pride in providing fast, friendly service and support to our customers both before and after sales.<\/p>\n<p>We establish trust and sincerity-focused communication with our customers. We see it as company policy to keep customer satisfaction high for many years by offering lifetime phone and remote connection services for all the services we produce or sell.[\/vc_column_text][\/vc_column_inner][vc_column_inner width=&#8221;1\/2&#8243; css=&#8221;.vc_custom_1491746388981{padding-bottom: 50px !important;}&#8221;]<style type=\"text\/css\" data-type=\"the7_shortcodes-inline-css\">.shortcode-single-image-wrap.shortcode-single-image-2824c5488349b72b4daf16aa981a390b.enable-bg-rollover .rollover i,\n.shortcode-single-image-wrap.shortcode-single-image-2824c5488349b72b4daf16aa981a390b.enable-bg-rollover .rollover-video i {\n  background: -webkit-linear-gradient();\n  background: linear-gradient();\n}\n.shortcode-single-image-wrap.shortcode-single-image-2824c5488349b72b4daf16aa981a390b .rollover-icon {\n  font-size: 32px;\n  color: #ffffff;\n  min-width: 44px;\n  min-height: 44px;\n  line-height: 44px;\n  border-radius: 100px;\n  border-style: solid;\n  border-width: 0px;\n}\n.dt-icon-bg-on.shortcode-single-image-wrap.shortcode-single-image-2824c5488349b72b4daf16aa981a390b .rollover-icon {\n  background: rgba(255,255,255,0.3);\n  box-shadow: none;\n}\n<\/style><div class=\"shortcode-single-image-wrap shortcode-single-image-2824c5488349b72b4daf16aa981a390b alignnone  enable-bg-rollover dt-icon-bg-off\" style=\"margin-top:0px; margin-bottom:0px; margin-left:0px; margin-right:0px; width:1000px;\"><div class=\"shortcode-single-image\"><div class=\"fancy-media-wrap  layzr-bg\" style=\"\"><img decoding=\"async\" class=\"preload-me lazy-load aspect\" src=\"data:image\/svg+xml,%3Csvg%20xmlns%3D&#39;http%3A%2F%2Fwww.w3.org%2F2000%2Fsvg&#39;%20viewBox%3D&#39;0%200%201000%20700&#39;%2F%3E\" data-src=\"https:\/\/www.cmmengineering.com\/en\/wp-content\/uploads\/2018\/06\/trade03-1-1000x700.jpg\" data-srcset=\"https:\/\/www.cmmengineering.com\/en\/wp-content\/uploads\/2018\/06\/trade03-1-1000x700.jpg 1000w, https:\/\/www.cmmengineering.com\/en\/wp-content\/uploads\/2018\/06\/trade03-1-1428x1000.jpg 1428w\" loading=\"eager\" sizes=\"(max-width: 1000px) 100vw, 1000px\" width=\"1000\" height=\"700\"  data-dt-location=\"https:\/\/www.cmmengineering.com\/en\/about-us\/trade03\/\" style=\"--ratio: 1000 \/ 700;\" alt=\"\" \/><\/div><\/div><\/div>[\/vc_column_inner][\/vc_row_inner][\/vc_column][\/vc_row][vc_row bg_type=&#8221;image&#8221; parallax_style=&#8221;vcpb-vz-jquery&#8221; bg_image_new=&#8221;id^2276|url^https:\/\/www.cmmengineering.com\/en\/wp-content\/uploads\/revslider\/the7-software-company-slider\/trade09.jpg|caption^null|alt^null|title^trade09.jpg|description^null&#8221; parallax_sense=&#8221;40&#8243; bg_override=&#8221;ex-full&#8221; enable_overlay=&#8221;enable_overlay_value&#8221; overlay_color=&#8221;rgba(0,0,0,0.6)&#8221; type=&#8221;vc_default&#8221; css=&#8221;.vc_custom_1678043901756{padding-top: 100px !important;padding-bottom: 105px !important;}&#8221;][vc_column width=&#8221;5\/6&#8243; offset=&#8221;vc_col-lg-offset-2 vc_col-lg-8 vc_col-md-offset-1 vc_col-md-10 vc_col-sm-offset-1&#8243;]<div id=\"ultimate-heading-15069d592d36a593\" class=\"uvc-heading ult-adjust-bottom-margin ultimate-heading-15069d592d36a593 uvc-3481 accent-border-color\" data-hspacer=\"line_only\"  data-halign=\"center\" style=\"text-align:center\"><div class=\"uvc-main-heading ult-responsive\"  data-ultimate-target='.uvc-heading.ultimate-heading-15069d592d36a593 h2'  data-responsive-json-new='{\"font-size\":\"desktop:22px;\",\"line-height\":\"desktop:32px;\"}' ><h2 style=\"font-weight:bold;color:#ffffff;margin-bottom:5px;\">CMM Engineering Ltd.<\/h2><\/div><div class=\"uvc-heading-spacer line_only\" style=\"margin-bottom:40px;height:3px;\"><span class=\"uvc-headings-line\" style=\"border-style:solid;border-bottom-width:3px;border-color:;width:80px;\"><\/span><\/div><div class=\"uvc-sub-heading ult-responsive\"  data-ultimate-target='.uvc-heading.ultimate-heading-15069d592d36a593 .uvc-sub-heading '  data-responsive-json-new='{\"font-size\":\"desktop:44px;tablet_portrait:30px;mobile_landscape:22px;\",\"line-height\":\"desktop:54px;tablet_portrait:40px;mobile_landscape:32px;\"}'  style=\"font-family:&#039;Raleway&#039;;font-weight:bold;color:#ffffff;\">We would be pleased to hear from you for your inquiries!<\/div><\/div><style type=\"text\/css\" data-type=\"the7_shortcodes-inline-css\">#default-btn-3c23db12d5e73d9156f5660162f098f0.ico-right-side > i {\n  margin-right: 0px;\n  margin-left: 8px;\n}\n#default-btn-3c23db12d5e73d9156f5660162f098f0 > i {\n  margin-right: 8px;\n}\n<\/style><div class=\"btn-align-center\"><a href=\"https:\/\/www.cmmengineering.com\/en\/contact-us\/\" class=\"default-btn-shortcode dt-btn dt-btn-l link-hover-off  vc_custom_1692705901713\" id=\"default-btn-3c23db12d5e73d9156f5660162f098f0\" style=\"width:200px;\" title=\"Contact Us\"><span>CONTACT WITH US<\/span><\/a><\/div>[\/vc_column][\/vc_row]<\/p>\n<\/section>","protected":false},"excerpt":{"rendered":"<p>[vc_row equal_height=&#8221;yes&#8221; content_placement=&#8221;middle&#8221; type=&#8221;vc_default&#8221; margin_top=&#8221;5&#8243; margin_bottom=&#8221;10&#8243; css=&#8221;.vc_custom_1529516549373{padding-top: 70px !important;padding-bottom: 20px !important;}&#8221;][vc_column offset=&#8221;vc_col-lg-offset-2 vc_col-lg-8 vc_col-md-offset-1 vc_col-md-10&#8243;][\/vc_column][vc_column][vc_row_inner equal_height=&#8221;yes&#8221; content_placement=&#8221;middle&#8221;][vc_column_inner width=&#8221;1\/2&#8243; css=&#8221;.vc_custom_1491746388981{padding-bottom: 50px !important;}&#8221;][\/vc_column_inner][vc_column_inner width=&#8221;1\/2&#8243; css=&#8221;.vc_custom_1491746397816{padding-bottom: 50px !important;}&#8221;][vc_column_text css=&#8221;.vc_custom_1692616391492{padding-bottom: 20px !important;}&#8221;]CMM Domestic and Foreign Trade Limited Company, which serves the lead-acid battery sector in Turkey and abroad with the machines it has designed, was founded by the previous&hellip;<\/p>\n","protected":false},"author":1,"featured_media":0,"parent":0,"menu_order":5,"comment_status":"closed","ping_status":"closed","template":"","meta":{"om_disable_all_campaigns":false,"_mi_skip_tracking":false,"_monsterinsights_sitenote_active":false,"_monsterinsights_sitenote_note":"","_monsterinsights_sitenote_category":0,"footnotes":""},"class_list":["post-388","page","type-page","status-publish","hentry","description-off"],"yoast_head":"<!-- This site is optimized with the Yoast SEO Premium plugin v20.13 (Yoast SEO v21.4) - https:\/\/yoast.com\/wordpress\/plugins\/seo\/ -->\n<title>About Us - CMM Engineering Ltd.<\/title>\n<meta name=\"description\" content=\"Within our company, along with our expert team in the field, we continue to serve the lead-acid battery sector...\" \/>\n<meta name=\"robots\" content=\"index, follow, max-snippet:-1, max-image-preview:large, max-video-preview:-1\" \/>\n<link rel=\"canonical\" href=\"https:\/\/www.cmmengineering.com\/en\/about-us\/\" \/>\n<meta property=\"og:locale\" content=\"en_US\" \/>\n<meta property=\"og:type\" content=\"article\" \/>\n<meta property=\"og:title\" content=\"About Us\" \/>\n<meta property=\"og:description\" content=\"Within our company, along with our expert team in the field, we continue to serve the lead-acid battery sector...\" \/>\n<meta property=\"og:url\" content=\"https:\/\/www.cmmengineering.com\/en\/about-us\/\" \/>\n<meta property=\"og:site_name\" content=\"CMM Engineering Ltd.\" \/>\n<meta property=\"article:modified_time\" content=\"2023-08-22T12:05:04+00:00\" \/>\n<meta name=\"twitter:card\" content=\"summary_large_image\" \/>\n<meta name=\"twitter:label1\" content=\"Est. reading time\" \/>\n\t<meta name=\"twitter:data1\" content=\"2 minutes\" \/>\n<script type=\"application\/ld+json\" class=\"yoast-schema-graph\">{\"@context\":\"https:\/\/schema.org\",\"@graph\":[{\"@type\":\"WebPage\",\"@id\":\"https:\/\/www.cmmengineering.com\/en\/about-us\/\",\"url\":\"https:\/\/www.cmmengineering.com\/en\/about-us\/\",\"name\":\"About Us - CMM Engineering Ltd.\",\"isPartOf\":{\"@id\":\"https:\/\/www.cmmengineering.com\/en\/#website\"},\"datePublished\":\"2016-02-08T15:50:40+00:00\",\"dateModified\":\"2023-08-22T12:05:04+00:00\",\"description\":\"Within our company, along with our expert team in the field, we continue to serve the lead-acid battery sector...\",\"breadcrumb\":{\"@id\":\"https:\/\/www.cmmengineering.com\/en\/about-us\/#breadcrumb\"},\"inLanguage\":\"en-US\",\"potentialAction\":[{\"@type\":\"ReadAction\",\"target\":[\"https:\/\/www.cmmengineering.com\/en\/about-us\/\"]}]},{\"@type\":\"BreadcrumbList\",\"@id\":\"https:\/\/www.cmmengineering.com\/en\/about-us\/#breadcrumb\",\"itemListElement\":[{\"@type\":\"ListItem\",\"position\":1,\"name\":\"Anasayfa\",\"item\":\"https:\/\/www.cmmengineering.com\/en\/\"},{\"@type\":\"ListItem\",\"position\":2,\"name\":\"About Us\"}]},{\"@type\":\"WebSite\",\"@id\":\"https:\/\/www.cmmengineering.com\/en\/#website\",\"url\":\"https:\/\/www.cmmengineering.com\/en\/\",\"name\":\"CMM Engineering Ltd.\",\"description\":\"Reliable Automation Partner\",\"publisher\":{\"@id\":\"https:\/\/www.cmmengineering.com\/en\/#organization\"},\"potentialAction\":[{\"@type\":\"SearchAction\",\"target\":{\"@type\":\"EntryPoint\",\"urlTemplate\":\"https:\/\/www.cmmengineering.com\/en\/?s={search_term_string}\"},\"query-input\":\"required name=search_term_string\"}],\"inLanguage\":\"en-US\"},{\"@type\":\"Organization\",\"@id\":\"https:\/\/www.cmmengineering.com\/en\/#organization\",\"name\":\"CMM M\u00fchendislik \u0130\u00e7 ve D\u0131\u015f Ticaret Limited \u015eirketi\",\"url\":\"https:\/\/www.cmmengineering.com\/en\/\",\"logo\":{\"@type\":\"ImageObject\",\"inLanguage\":\"en-US\",\"@id\":\"https:\/\/www.cmmengineering.com\/en\/#\/schema\/logo\/image\/\",\"url\":\"https:\/\/www.cmmengineering.com\/en\/wp-content\/uploads\/2023\/05\/CMM-Logo-Kare-Beyaz-Arka-Planli.png\",\"contentUrl\":\"https:\/\/www.cmmengineering.com\/en\/wp-content\/uploads\/2023\/05\/CMM-Logo-Kare-Beyaz-Arka-Planli.png\",\"width\":700,\"height\":700,\"caption\":\"CMM M\u00fchendislik \u0130\u00e7 ve D\u0131\u015f Ticaret Limited \u015eirketi\"},\"image\":{\"@id\":\"https:\/\/www.cmmengineering.com\/en\/#\/schema\/logo\/image\/\"},\"sameAs\":[\"https:\/\/www.instagram.com\/cmmturkiye\/\",\"https:\/\/www.linkedin.com\/company\/88394005\/\"]}]}<\/script>\n<!-- \/ Yoast SEO Premium plugin. -->","yoast_head_json":{"title":"About Us - CMM Engineering Ltd.","description":"Within our company, along with our expert team in the field, we continue to serve the lead-acid battery sector...","robots":{"index":"index","follow":"follow","max-snippet":"max-snippet:-1","max-image-preview":"max-image-preview:large","max-video-preview":"max-video-preview:-1"},"canonical":"https:\/\/www.cmmengineering.com\/en\/about-us\/","og_locale":"en_US","og_type":"article","og_title":"About Us","og_description":"Within our company, along with our expert team in the field, we continue to serve the lead-acid battery sector...","og_url":"https:\/\/www.cmmengineering.com\/en\/about-us\/","og_site_name":"CMM Engineering Ltd.","article_modified_time":"2023-08-22T12:05:04+00:00","twitter_card":"summary_large_image","twitter_misc":{"Est. reading time":"2 minutes"},"schema":{"@context":"https:\/\/schema.org","@graph":[{"@type":"WebPage","@id":"https:\/\/www.cmmengineering.com\/en\/about-us\/","url":"https:\/\/www.cmmengineering.com\/en\/about-us\/","name":"About Us - CMM Engineering Ltd.","isPartOf":{"@id":"https:\/\/www.cmmengineering.com\/en\/#website"},"datePublished":"2016-02-08T15:50:40+00:00","dateModified":"2023-08-22T12:05:04+00:00","description":"Within our company, along with our expert team in the field, we continue to serve the lead-acid battery sector...","breadcrumb":{"@id":"https:\/\/www.cmmengineering.com\/en\/about-us\/#breadcrumb"},"inLanguage":"en-US","potentialAction":[{"@type":"ReadAction","target":["https:\/\/www.cmmengineering.com\/en\/about-us\/"]}]},{"@type":"BreadcrumbList","@id":"https:\/\/www.cmmengineering.com\/en\/about-us\/#breadcrumb","itemListElement":[{"@type":"ListItem","position":1,"name":"Anasayfa","item":"https:\/\/www.cmmengineering.com\/en\/"},{"@type":"ListItem","position":2,"name":"About Us"}]},{"@type":"WebSite","@id":"https:\/\/www.cmmengineering.com\/en\/#website","url":"https:\/\/www.cmmengineering.com\/en\/","name":"CMM Engineering Ltd.","description":"Reliable Automation Partner","publisher":{"@id":"https:\/\/www.cmmengineering.com\/en\/#organization"},"potentialAction":[{"@type":"SearchAction","target":{"@type":"EntryPoint","urlTemplate":"https:\/\/www.cmmengineering.com\/en\/?s={search_term_string}"},"query-input":"required name=search_term_string"}],"inLanguage":"en-US"},{"@type":"Organization","@id":"https:\/\/www.cmmengineering.com\/en\/#organization","name":"CMM M\u00fchendislik \u0130\u00e7 ve D\u0131\u015f Ticaret Limited \u015eirketi","url":"https:\/\/www.cmmengineering.com\/en\/","logo":{"@type":"ImageObject","inLanguage":"en-US","@id":"https:\/\/www.cmmengineering.com\/en\/#\/schema\/logo\/image\/","url":"https:\/\/www.cmmengineering.com\/en\/wp-content\/uploads\/2023\/05\/CMM-Logo-Kare-Beyaz-Arka-Planli.png","contentUrl":"https:\/\/www.cmmengineering.com\/en\/wp-content\/uploads\/2023\/05\/CMM-Logo-Kare-Beyaz-Arka-Planli.png","width":700,"height":700,"caption":"CMM M\u00fchendislik \u0130\u00e7 ve D\u0131\u015f Ticaret Limited \u015eirketi"},"image":{"@id":"https:\/\/www.cmmengineering.com\/en\/#\/schema\/logo\/image\/"},"sameAs":["https:\/\/www.instagram.com\/cmmturkiye\/","https:\/\/www.linkedin.com\/company\/88394005\/"]}]}},"jetpack_sharing_enabled":true,"_links":{"self":[{"href":"https:\/\/www.cmmengineering.com\/en\/wp-json\/wp\/v2\/pages\/388","targetHints":{"allow":["GET"]}}],"collection":[{"href":"https:\/\/www.cmmengineering.com\/en\/wp-json\/wp\/v2\/pages"}],"about":[{"href":"https:\/\/www.cmmengineering.com\/en\/wp-json\/wp\/v2\/types\/page"}],"author":[{"embeddable":true,"href":"https:\/\/www.cmmengineering.com\/en\/wp-json\/wp\/v2\/users\/1"}],"replies":[{"embeddable":true,"href":"https:\/\/www.cmmengineering.com\/en\/wp-json\/wp\/v2\/comments?post=388"}],"version-history":[{"count":18,"href":"https:\/\/www.cmmengineering.com\/en\/wp-json\/wp\/v2\/pages\/388\/revisions"}],"predecessor-version":[{"id":2685,"href":"https:\/\/www.cmmengineering.com\/en\/wp-json\/wp\/v2\/pages\/388\/revisions\/2685"}],"wp:attachment":[{"href":"https:\/\/www.cmmengineering.com\/en\/wp-json\/wp\/v2\/media?parent=388"}],"curies":[{"name":"wp","href":"https:\/\/api.w.org\/{rel}","templated":true}]}}